{"id":1198,"date":"2024-01-02T11:06:09","date_gmt":"2024-01-02T11:06:09","guid":{"rendered":"https:\/\/www.knierim-tooling.de\/?page_id=1198"},"modified":"2024-01-03T08:55:12","modified_gmt":"2024-01-03T08:55:12","slug":"teilefertigung","status":"publish","type":"page","link":"https:\/\/www.knierim-tooling.de\/en\/teilefertigung\/","title":{"rendered":"Composite parts"},"content":{"rendered":"<div data-elementor-type=\"wp-page\" data-elementor-id=\"1198\" class=\"elementor elementor-1198\">\n\t\t\t\t\t\t\t<div class=\"elementor-element elementor-element-551f9e58 e-flex e-con-boxed e-con e-child\" data-id=\"551f9e58\" data-element_type=\"container\" data-settings=\"{&quot;content_width&quot;:&quot;boxed&quot;}\">\n\t\t\t\t\t<div class=\"e-con-inner\">\n\t\t\t\t<div class=\"elementor-element elementor-element-611a62f3 elementor-widget elementor-widget-heading\" data-id=\"611a62f3\" data-element_type=\"widget\" data-widget_type=\"heading.default\">\n\t\t\t\t<div class=\"elementor-widget-container\">\n\t\t\t<style>\/*! elementor - v3.18.0 - 20-12-2023 *\/\n.elementor-heading-title{padding:0;margin:0;line-height:1}.elementor-widget-heading .elementor-heading-title[class*=elementor-size-]>a{color:inherit;font-size:inherit;line-height:inherit}.elementor-widget-heading .elementor-heading-title.elementor-size-small{font-size:15px}.elementor-widget-heading .elementor-heading-title.elementor-size-medium{font-size:19px}.elementor-widget-heading .elementor-heading-title.elementor-size-large{font-size:29px}.elementor-widget-heading .elementor-heading-title.elementor-size-xl{font-size:39px}.elementor-widget-heading .elementor-heading-title.elementor-size-xxl{font-size:59px}<\/style><h1 class=\"elementor-heading-title elementor-size-xl\">Composite parts<\/h1>\t\t<\/div>\n\t\t\t\t<\/div>\n\t\t\t\t<div class=\"elementor-element elementor-element-379c233e elementor-widget elementor-widget-heading\" data-id=\"379c233e\" data-element_type=\"widget\" data-widget_type=\"heading.default\">\n\t\t\t\t<div class=\"elementor-widget-container\">\n\t\t\t<h1 class=\"elementor-heading-title elementor-size-xl\">GFK- und CFK-Teile in maximaler Pr\u00e4zision<\/h1>\t\t<\/div>\n\t\t\t\t<\/div>\n\t\t\t\t<div class=\"elementor-element elementor-element-621ba0d4 elementor-widget-divider--view-line elementor-widget elementor-widget-divider\" data-id=\"621ba0d4\" data-element_type=\"widget\" data-widget_type=\"divider.default\">\n\t\t\t\t<div class=\"elementor-widget-container\">\n\t\t\t<style>\/*! elementor - v3.18.0 - 20-12-2023 *\/\n.elementor-widget-divider{--divider-border-style:none;--divider-border-width:1px;--divider-color:#0c0d0e;--divider-icon-size:20px;--divider-element-spacing:10px;--divider-pattern-height:24px;--divider-pattern-size:20px;--divider-pattern-url:none;--divider-pattern-repeat:repeat-x}.elementor-widget-divider .elementor-divider{display:flex}.elementor-widget-divider .elementor-divider__text{font-size:15px;line-height:1;max-width:95%}.elementor-widget-divider .elementor-divider__element{margin:0 var(--divider-element-spacing);flex-shrink:0}.elementor-widget-divider .elementor-icon{font-size:var(--divider-icon-size)}.elementor-widget-divider .elementor-divider-separator{display:flex;margin:0;direction:ltr}.elementor-widget-divider--view-line_icon .elementor-divider-separator,.elementor-widget-divider--view-line_text .elementor-divider-separator{align-items:center}.elementor-widget-divider--view-line_icon .elementor-divider-separator:after,.elementor-widget-divider--view-line_icon .elementor-divider-separator:before,.elementor-widget-divider--view-line_text .elementor-divider-separator:after,.elementor-widget-divider--view-line_text .elementor-divider-separator:before{display:block;content:\"\";border-bottom:0;flex-grow:1;border-top:var(--divider-border-width) var(--divider-border-style) var(--divider-color)}.elementor-widget-divider--element-align-left .elementor-divider .elementor-divider-separator>.elementor-divider__svg:first-of-type{flex-grow:0;flex-shrink:100}.elementor-widget-divider--element-align-left .elementor-divider-separator:before{content:none}.elementor-widget-divider--element-align-left .elementor-divider__element{margin-left:0}.elementor-widget-divider--element-align-right .elementor-divider .elementor-divider-separator>.elementor-divider__svg:last-of-type{flex-grow:0;flex-shrink:100}.elementor-widget-divider--element-align-right .elementor-divider-separator:after{content:none}.elementor-widget-divider--element-align-right .elementor-divider__element{margin-right:0}.elementor-widget-divider:not(.elementor-widget-divider--view-line_text):not(.elementor-widget-divider--view-line_icon) .elementor-divider-separator{border-top:var(--divider-border-width) var(--divider-border-style) var(--divider-color)}.elementor-widget-divider--separator-type-pattern{--divider-border-style:none}.elementor-widget-divider--separator-type-pattern.elementor-widget-divider--view-line .elementor-divider-separator,.elementor-widget-divider--separator-type-pattern:not(.elementor-widget-divider--view-line) .elementor-divider-separator:after,.elementor-widget-divider--separator-type-pattern:not(.elementor-widget-divider--view-line) .elementor-divider-separator:before,.elementor-widget-divider--separator-type-pattern:not([class*=elementor-widget-divider--view]) .elementor-divider-separator{width:100%;min-height:var(--divider-pattern-height);-webkit-mask-size:var(--divider-pattern-size) 100%;mask-size:var(--divider-pattern-size) 100%;-webkit-mask-repeat:var(--divider-pattern-repeat);mask-repeat:var(--divider-pattern-repeat);background-color:var(--divider-color);-webkit-mask-image:var(--divider-pattern-url);mask-image:var(--divider-pattern-url)}.elementor-widget-divider--no-spacing{--divider-pattern-size:auto}.elementor-widget-divider--bg-round{--divider-pattern-repeat:round}.rtl .elementor-widget-divider .elementor-divider__text{direction:rtl}.e-con-inner>.elementor-widget-divider,.e-con>.elementor-widget-divider{width:var(--container-widget-width,100%);--flex-grow:var(--container-widget-flex-grow)}<\/style>\t\t<div class=\"elementor-divider\">\n\t\t\t<span class=\"elementor-divider-separator\">\n\t\t\t\t\t\t<\/span>\n\t\t<\/div>\n\t\t\t\t<\/div>\n\t\t\t\t<\/div>\n\t\t\t\t\t<\/div>\n\t\t\t\t<\/div>\n\t\t<div class=\"elementor-element elementor-element-77405f7 e-flex e-con-boxed e-con e-parent\" data-id=\"77405f7\" data-element_type=\"container\" data-settings=\"{&quot;content_width&quot;:&quot;boxed&quot;}\" data-core-v316-plus=\"true\">\n\t\t\t\t\t<div class=\"e-con-inner\">\n\t\t<div class=\"elementor-element elementor-element-6de54a1 e-con-full e-flex e-con e-child\" data-id=\"6de54a1\" data-element_type=\"container\" data-settings=\"{&quot;content_width&quot;:&quot;full&quot;}\">\n\t\t\t\t<div class=\"elementor-element elementor-element-5c95648 elementor-widget__width-initial elementor-widget elementor-widget-text-editor\" data-id=\"5c95648\" data-element_type=\"widget\" data-widget_type=\"text-editor.default\">\n\t\t\t\t<div class=\"elementor-widget-container\">\n\t\t\t<style>\/*! elementor - v3.18.0 - 20-12-2023 *\/\n.elementor-widget-text-editor.elementor-drop-cap-view-stacked .elementor-drop-cap{background-color:#69727d;color:#fff}.elementor-widget-text-editor.elementor-drop-cap-view-framed .elementor-drop-cap{color:#69727d;border:3px solid;background-color:transparent}.elementor-widget-text-editor:not(.elementor-drop-cap-view-default) .elementor-drop-cap{margin-top:8px}.elementor-widget-text-editor:not(.elementor-drop-cap-view-default) .elementor-drop-cap-letter{width:1em;height:1em}.elementor-widget-text-editor .elementor-drop-cap{float:left;text-align:center;line-height:1;font-size:50px}.elementor-widget-text-editor .elementor-drop-cap-letter{display:inline-block}<\/style>\t\t\t\t<p>Moderne Faserverbundtechnologie ist nicht nur im Yachtbau, sondern auch bei der Herstellung von Kunststoff-Bauteilen aller Art gefragt. Daher bietet Knierim Yachtbau auch den Bau von Kompositteilen jeder Art an.<\/p><p>Ob Ger\u00e4tetr\u00e4ger, Radarmast, millimetergenaue Au\u00dfenhautklappen oder aufwendige Decksm\u00f6bel und Poollandschaften wir bauen jede Freiform getreu den Vorgaben der Designer.\u00a0Die Formen werden mit einer unserer drei 5-Achsfr\u00e4sen gefr\u00e4st. Hieraus fertigen wir anschlie\u00dfend die Hightech GFK-Sandwichbauteile mit Vakuumtechnik nach von uns erstellten Laminatspl\u00e4nen.\u00a0Bereits im Bau ber\u00fccksichtigen wir funktionale sowie designtechnische Detaill\u00f6sungen wie z.B. L\u00fcftungssch\u00e4chte, Niroarbeiten, Einbau von K\u00fcchenger\u00e4ten oder Elektronik.\u00a0Gerne liefern wir Ihnen das Bauteil mit endlackierter Oberfl\u00e4che \u2013 ganz nach Ihren Interessen und Anforderungen.<\/p><p>Dank der Erfahrung mit diversen Neubauten in Carbon ist Knierim Spezialist f\u00fcr die Verarbeitung von Kohlefaser. Aus diesem Werkstoff entstehen bei Knierim superleichte Cockpittische, Bugspriets, Instrumentenabdeckungen u.v.m.\u00a0\u00a0Hierf\u00fcr wird ganz individuell eine Form hergestellt und daraus dann das Bauteil produziert. So k\u00f6nnen auch Kleinserien von bestimmten Teilen entstehen, passend z.B. f\u00fcr Serienboote.<\/p><p>Basis f\u00fcr Kunststoffteile jeder Art sind pr\u00e4zise Urmodelle, deren Herstellung Knierim \u00fcber seine Tochterfirma Knierim Tooling anbietet.<\/p>\t\t\t\t\t\t<\/div>\n\t\t\t\t<\/div>\n\t\t\t\t<\/div>\n\t\t<div class=\"elementor-element elementor-element-337be80 e-con-full e-flex e-con e-child\" data-id=\"337be80\" data-element_type=\"container\" data-settings=\"{&quot;content_width&quot;:&quot;full&quot;}\">\n\t\t<div class=\"elementor-element elementor-element-67a3b81 e-flex e-con-boxed e-con e-child\" data-id=\"67a3b81\" data-element_type=\"container\" data-settings=\"{&quot;content_width&quot;:&quot;boxed&quot;}\">\n\t\t\t\t\t<div class=\"e-con-inner\">\n\t\t\t\t<div class=\"elementor-element elementor-element-c56de61 elementor-arrows-position-inside elementor-pagination-position-outside elementor-widget elementor-widget-image-carousel\" data-id=\"c56de61\" data-element_type=\"widget\" data-settings=\"{&quot;slides_to_show&quot;:&quot;1&quot;,&quot;navigation&quot;:&quot;both&quot;,&quot;autoplay&quot;:&quot;yes&quot;,&quot;pause_on_hover&quot;:&quot;yes&quot;,&quot;pause_on_interaction&quot;:&quot;yes&quot;,&quot;autoplay_speed&quot;:5000,&quot;infinite&quot;:&quot;yes&quot;,&quot;effect&quot;:&quot;slide&quot;,&quot;speed&quot;:500}\" data-widget_type=\"image-carousel.default\">\n\t\t\t\t<div class=\"elementor-widget-container\">\n\t\t\t<style>\/*! elementor - v3.18.0 - 20-12-2023 *\/\n.elementor-widget-image-carousel .swiper,.elementor-widget-image-carousel .swiper-container{position:static}.elementor-widget-image-carousel .swiper-container .swiper-slide figure,.elementor-widget-image-carousel .swiper .swiper-slide figure{line-height:inherit}.elementor-widget-image-carousel .swiper-slide{text-align:center}.elementor-image-carousel-wrapper:not(.swiper-container-initialized):not(.swiper-initialized) .swiper-slide{max-width:calc(100% \/ var(--e-image-carousel-slides-to-show, 3))}<\/style>\t\t<div class=\"elementor-image-carousel-wrapper swiper\" dir=\"ltr\">\n\t\t\t<div class=\"elementor-image-carousel swiper-wrapper\" aria-live=\"off\">\n\t\t\t\t\t\t\t\t<div class=\"swiper-slide\" role=\"group\" aria-roledescription=\"slide\" aria-label=\"1 of 4\"><figure class=\"swiper-slide-inner\"><img class=\"swiper-slide-image\" src=\"https:\/\/www.knierim-tooling.de\/wp-content\/uploads\/2024\/01\/Radarmast_111102_IMG_4476-e1704198374651.jpg\" alt=\"Radarmast_111102_IMG_4476\" \/><\/figure><\/div><div class=\"swiper-slide\" role=\"group\" aria-roledescription=\"slide\" aria-label=\"2 of 4\"><figure class=\"swiper-slide-inner\"><img class=\"swiper-slide-image\" src=\"https:\/\/www.knierim-tooling.de\/wp-content\/uploads\/2024\/01\/MOe_IMG_1954-e1704198351522.jpg\" alt=\"MO\u0308_IMG_1954\" \/><\/figure><\/div><div class=\"swiper-slide\" role=\"group\" aria-roledescription=\"slide\" aria-label=\"3 of 4\"><figure class=\"swiper-slide-inner\"><img class=\"swiper-slide-image\" src=\"https:\/\/www.knierim-tooling.de\/wp-content\/uploads\/2024\/01\/MOe_070401-2674-e1704198411450.jpg\" alt=\"MO\u0308_070401-2674\" \/><\/figure><\/div><div class=\"swiper-slide\" role=\"group\" aria-roledescription=\"slide\" aria-label=\"4 of 4\"><figure class=\"swiper-slide-inner\"><img class=\"swiper-slide-image\" src=\"https:\/\/www.knierim-tooling.de\/wp-content\/uploads\/2024\/01\/MOe_070401-2102-e1704198437481.jpg\" alt=\"MO\u0308_070401-2102\" \/><\/figure><\/div>\t\t\t<\/div>\n\t\t\t\t\t\t\t\t\t\t\t\t<div class=\"elementor-swiper-button elementor-swiper-button-prev\" role=\"button\" tabindex=\"0\">\n\t\t\t\t\t\t<svg aria-hidden=\"true\" class=\"e-font-icon-svg e-fas-caret-left\" viewbox=\"0 0 192 512\" xmlns=\"http:\/\/www.w3.org\/2000\/svg\"><path d=\"M192 127.338v257.324c0 17.818-21.543 26.741-34.142 14.142L29.196 270.142c-7.81-7.81-7.81-20.474 0-28.284l128.662-128.662c12.599-12.6 34.142-3.676 34.142 14.142z\"><\/path><\/svg>\t\t\t\t\t<\/div>\n\t\t\t\t\t<div class=\"elementor-swiper-button elementor-swiper-button-next\" role=\"button\" tabindex=\"0\">\n\t\t\t\t\t\t<svg aria-hidden=\"true\" class=\"e-font-icon-svg e-fas-caret-right\" viewbox=\"0 0 192 512\" xmlns=\"http:\/\/www.w3.org\/2000\/svg\"><path d=\"M0 384.662V127.338c0-17.818 21.543-26.741 34.142-14.142l128.662 128.662c7.81 7.81 7.81 20.474 0 28.284L34.142 398.804C21.543 411.404 0 402.48 0 384.662z\"><\/path><\/svg>\t\t\t\t\t<\/div>\n\t\t\t\t\n\t\t\t\t\t\t\t\t\t<div class=\"swiper-pagination\"><\/div>\n\t\t\t\t\t\t\t\t\t<\/div>\n\t\t\t\t<\/div>\n\t\t\t\t<\/div>\n\t\t\t\t\t<\/div>\n\t\t\t\t<\/div>\n\t\t<div class=\"elementor-element elementor-element-59839ab e-flex e-con-boxed e-con e-child\" data-id=\"59839ab\" data-element_type=\"container\" data-settings=\"{&quot;content_width&quot;:&quot;boxed&quot;}\">\n\t\t\t\t\t<div class=\"e-con-inner\">\n\t\t\t\t\t<\/div>\n\t\t\t\t<\/div>\n\t\t\t\t<\/div>\n\t\t\t\t\t<\/div>\n\t\t\t\t<\/div>\n\t\t<div class=\"elementor-element elementor-element-20bd82f e-flex e-con-boxed e-con e-child\" data-id=\"20bd82f\" data-element_type=\"container\" data-settings=\"{&quot;background_background&quot;:&quot;classic&quot;,&quot;content_width&quot;:&quot;boxed&quot;}\">\n\t\t\t\t\t<div class=\"e-con-inner\">\n\t\t\t\t<div class=\"elementor-element elementor-element-55d5562 elementor-widget elementor-widget-heading\" data-id=\"55d5562\" data-element_type=\"widget\" data-widget_type=\"heading.default\">\n\t\t\t\t<div class=\"elementor-widget-container\">\n\t\t\t<h1 class=\"elementor-heading-title elementor-size-xl\">Knierim Tooling<\/h1>\t\t<\/div>\n\t\t\t\t<\/div>\n\t\t\t\t<div class=\"elementor-element elementor-element-1a8dd4d elementor-widget elementor-widget-heading\" data-id=\"1a8dd4d\" data-element_type=\"widget\" data-widget_type=\"heading.default\">\n\t\t\t\t<div class=\"elementor-widget-container\">\n\t\t\t<h1 class=\"elementor-heading-title elementor-size-xl\">Pr\u00e4zision dank 5-Achs-Fr\u00e4se<\/h1>\t\t<\/div>\n\t\t\t\t<\/div>\n\t\t\t\t<div class=\"elementor-element elementor-element-07af809 elementor-widget-divider--view-line elementor-widget elementor-widget-divider\" data-id=\"07af809\" data-element_type=\"widget\" data-widget_type=\"divider.default\">\n\t\t\t\t<div class=\"elementor-widget-container\">\n\t\t\t\t\t<div class=\"elementor-divider\">\n\t\t\t<span class=\"elementor-divider-separator\">\n\t\t\t\t\t\t<\/span>\n\t\t<\/div>\n\t\t\t\t<\/div>\n\t\t\t\t<\/div>\n\t\t\t\t\t<\/div>\n\t\t\t\t<\/div>\n\t\t<div class=\"elementor-element elementor-element-83d7147 e-flex e-con-boxed e-con e-parent\" data-id=\"83d7147\" data-element_type=\"container\" data-settings=\"{&quot;background_background&quot;:&quot;classic&quot;,&quot;content_width&quot;:&quot;boxed&quot;}\" data-core-v316-plus=\"true\">\n\t\t\t\t\t<div class=\"e-con-inner\">\n\t\t<footer class=\"elementor-element elementor-element-6c06133 e-con-full e-flex e-con e-child\" data-id=\"6c06133\" data-element_type=\"container\" data-settings=\"{&quot;content_width&quot;:&quot;full&quot;}\">\n\t\t\t\t<div class=\"elementor-element elementor-element-01c0b3d elementor-widget elementor-widget-text-editor\" data-id=\"01c0b3d\" data-element_type=\"widget\" data-widget_type=\"text-editor.default\">\n\t\t\t\t<div class=\"elementor-widget-container\">\n\t\t\t\t\t\t\t<p>F\u00fcnf Achsen, drei Fr\u00e4sen, ein Ergebnis: Pr\u00e4zisionsformen par excellence. Aus der Anforderung an designgetreue Bootsr\u00fcmpfe entstand 2004 der Unternehmensbereich Tooling mit der Installation der ersten 32,5 x 8,5 x 4 Meter gro\u00dfen 5-Achs-Fr\u00e4se \u201ePoseidon\u201c von CMS aus Italien. Schnell eroberte Knierim auch hier im Industriebereich seinen Platz; eine weitere, gleich gro\u00dfe und eine kleinere Maschine folgten. Auf Basis der vorgegebenen Geometrie (3D-Datei) erstellt Knierim die Konstruktionszeichnung f\u00fcr ein Untergestell, zum Beispiel aus Styropor oder Balsaholz auf gefr\u00e4sten Spanten. Zun\u00e4chst wird das Rohteil geschruppt, dann laminiert und anschlie\u00dfend von der Maschine mit hochwertiger Epoxidpaste bepastet. Nach dem Aush\u00e4rten schlichtet die programmierte Fr\u00e4se die endg\u00fcltige Form zehntelmillimetergenau.<\/p><p>So entstehen ein- oder mehrteilige Urmodelle f\u00fcr den Bau von z.B. \u00fcber 70 Meter langen Rotorbl\u00e4ttern von Windkraftanlagen, Formen f\u00fcr den U-Boot-Bau, die Luft- und die Schifffahrt sowie Industriebauteile. Aber auch Prototypen, Architektur-Modelle, Kunstobjekte und Skulpturen werden angefertigt.<\/p><p>Mehr dazu erfahren Sie auf der Website <a href=\"https:\/\/www.knierim-tooling.de\/en\/\" rel=\"alternate\">www.knierim-tooling.de<\/a><\/p>\t\t\t\t\t\t<\/div>\n\t\t\t\t<\/div>\n\t\t\t\t<\/footer>\n\t\t<div class=\"elementor-element elementor-element-07a900d e-con-full e-flex e-con e-child\" data-id=\"07a900d\" data-element_type=\"container\" data-settings=\"{&quot;content_width&quot;:&quot;full&quot;}\">\n\t\t\t\t<div class=\"elementor-element elementor-element-73cc0ae elementor-widget elementor-widget-image\" data-id=\"73cc0ae\" data-element_type=\"widget\" data-widget_type=\"image.default\">\n\t\t\t\t<div class=\"elementor-widget-container\">\n\t\t\t<style>\/*! elementor - v3.18.0 - 20-12-2023 *\/\n.elementor-widget-image{text-align:center}.elementor-widget-image a{display:inline-block}.elementor-widget-image a img[src$=\".svg\"]{width:48px}.elementor-widget-image img{vertical-align:middle;display:inline-block}<\/style>\t\t\t\t\t\t\t\t\t\t\t\t<img fetchpriority=\"high\" width=\"800\" height=\"534\" src=\"https:\/\/www.knierim-tooling.de\/wp-content\/uploads\/2023\/12\/teilefertigung-1024x683.webp\" class=\"attachment-large size-large wp-image-910\" alt=\"\" srcset=\"https:\/\/www.knierim-tooling.de\/wp-content\/uploads\/2023\/12\/teilefertigung-1024x683.webp 1024w, https:\/\/www.knierim-tooling.de\/wp-content\/uploads\/2023\/12\/teilefertigung-300x200.webp 300w, https:\/\/www.knierim-tooling.de\/wp-content\/uploads\/2023\/12\/teilefertigung-768x512.webp 768w, https:\/\/www.knierim-tooling.de\/wp-content\/uploads\/2023\/12\/teilefertigung-1536x1024.webp 1536w, https:\/\/www.knierim-tooling.de\/wp-content\/uploads\/2023\/12\/teilefertigung.webp 2048w\" sizes=\"(max-width: 800px) 100vw, 800px\" \/>\t\t\t\t\t\t\t\t\t\t\t\t\t\t\t<\/div>\n\t\t\t\t<\/div>\n\t\t\t\t<\/div>\n\t\t\t\t\t<\/div>\n\t\t\t\t<\/div>\n\t\t\t\t\t\t\t<\/div>","protected":false},"excerpt":{"rendered":"<p>Teilefertigung GFK- und CFK-Teile in maximaler Pr\u00e4zision Moderne Faserverbundtechnologie ist nicht nur im Yachtbau, sondern auch bei der Herstellung von Kunststoff-Bauteilen aller Art gefragt. Daher bietet Knierim Yachtbau auch den Bau von Kompositteilen jeder Art an. Ob Ger\u00e4tetr\u00e4ger, Radarmast, millimetergenaue Au\u00dfenhautklappen oder aufwendige Decksm\u00f6bel und Poollandschaften wir bauen jede Freiform getreu den Vorgaben der Designer.\u00a0Die [&hellip;]<\/p>","protected":false},"author":1,"featured_media":0,"parent":0,"menu_order":0,"comment_status":"closed","ping_status":"closed","template":"","meta":[],"_links":{"self":[{"href":"https:\/\/www.knierim-tooling.de\/en\/wp-json\/wp\/v2\/pages\/1198"}],"collection":[{"href":"https:\/\/www.knierim-tooling.de\/en\/wp-json\/wp\/v2\/pages"}],"about":[{"href":"https:\/\/www.knierim-tooling.de\/en\/wp-json\/wp\/v2\/types\/page"}],"author":[{"embeddable":true,"href":"https:\/\/www.knierim-tooling.de\/en\/wp-json\/wp\/v2\/users\/1"}],"replies":[{"embeddable":true,"href":"https:\/\/www.knierim-tooling.de\/en\/wp-json\/wp\/v2\/comments?post=1198"}],"version-history":[{"count":19,"href":"https:\/\/www.knierim-tooling.de\/en\/wp-json\/wp\/v2\/pages\/1198\/revisions"}],"predecessor-version":[{"id":1417,"href":"https:\/\/www.knierim-tooling.de\/en\/wp-json\/wp\/v2\/pages\/1198\/revisions\/1417"}],"wp:attachment":[{"href":"https:\/\/www.knierim-tooling.de\/en\/wp-json\/wp\/v2\/media?parent=1198"}],"curies":[{"name":"wp","href":"https:\/\/api.w.org\/{rel}","templated":true}]}}