{"id":65,"date":"2023-11-30T08:43:06","date_gmt":"2023-11-30T08:43:06","guid":{"rendered":"https:\/\/www.knierim-tooling.de\/?page_id=65"},"modified":"2024-03-13T14:46:56","modified_gmt":"2024-03-13T14:46:56","slug":"technologie","status":"publish","type":"page","link":"https:\/\/www.knierim-tooling.de\/en\/technologie\/","title":{"rendered":"Technology"},"content":{"rendered":"<div data-elementor-type=\"wp-page\" data-elementor-id=\"65\" class=\"elementor elementor-65\">\n\t\t\t\t\t\t\t<div class=\"elementor-element elementor-element-604f2fd e-flex e-con-boxed e-con e-parent\" data-id=\"604f2fd\" data-element_type=\"container\" data-settings=\"{&quot;content_width&quot;:&quot;boxed&quot;}\" data-core-v316-plus=\"true\">\n\t\t\t\t\t<div class=\"e-con-inner\">\n\t\t\t\t<div class=\"elementor-element elementor-element-bc2a126 elementor-widget elementor-widget-heading\" data-id=\"bc2a126\" data-element_type=\"widget\" data-widget_type=\"heading.default\">\n\t\t\t\t<div class=\"elementor-widget-container\">\n\t\t\t<style>\/*! elementor - v3.18.0 - 20-12-2023 *\/\n.elementor-heading-title{padding:0;margin:0;line-height:1}.elementor-widget-heading .elementor-heading-title[class*=elementor-size-]>a{color:inherit;font-size:inherit;line-height:inherit}.elementor-widget-heading .elementor-heading-title.elementor-size-small{font-size:15px}.elementor-widget-heading .elementor-heading-title.elementor-size-medium{font-size:19px}.elementor-widget-heading .elementor-heading-title.elementor-size-large{font-size:29px}.elementor-widget-heading .elementor-heading-title.elementor-size-xl{font-size:39px}.elementor-widget-heading .elementor-heading-title.elementor-size-xxl{font-size:59px}<\/style><h1 class=\"elementor-heading-title elementor-size-xl\">Our key to precision<\/h1>\t\t<\/div>\n\t\t\t\t<\/div>\n\t\t\t\t<div class=\"elementor-element elementor-element-c4a1da3 elementor-widget elementor-widget-heading\" data-id=\"c4a1da3\" data-element_type=\"widget\" data-widget_type=\"heading.default\">\n\t\t\t\t<div class=\"elementor-widget-container\">\n\t\t\t<h1 class=\"elementor-heading-title elementor-size-xl\">Knierim Tooling Technology\n<\/h1>\t\t<\/div>\n\t\t\t\t<\/div>\n\t\t\t\t<div class=\"elementor-element elementor-element-a0a1a1b elementor-widget-divider--view-line elementor-widget elementor-widget-divider\" data-id=\"a0a1a1b\" data-element_type=\"widget\" data-widget_type=\"divider.default\">\n\t\t\t\t<div class=\"elementor-widget-container\">\n\t\t\t<style>\/*! elementor - v3.18.0 - 20-12-2023 *\/\n.elementor-widget-divider{--divider-border-style:none;--divider-border-width:1px;--divider-color:#0c0d0e;--divider-icon-size:20px;--divider-element-spacing:10px;--divider-pattern-height:24px;--divider-pattern-size:20px;--divider-pattern-url:none;--divider-pattern-repeat:repeat-x}.elementor-widget-divider .elementor-divider{display:flex}.elementor-widget-divider .elementor-divider__text{font-size:15px;line-height:1;max-width:95%}.elementor-widget-divider .elementor-divider__element{margin:0 var(--divider-element-spacing);flex-shrink:0}.elementor-widget-divider .elementor-icon{font-size:var(--divider-icon-size)}.elementor-widget-divider .elementor-divider-separator{display:flex;margin:0;direction:ltr}.elementor-widget-divider--view-line_icon .elementor-divider-separator,.elementor-widget-divider--view-line_text .elementor-divider-separator{align-items:center}.elementor-widget-divider--view-line_icon .elementor-divider-separator:after,.elementor-widget-divider--view-line_icon .elementor-divider-separator:before,.elementor-widget-divider--view-line_text .elementor-divider-separator:after,.elementor-widget-divider--view-line_text .elementor-divider-separator:before{display:block;content:\"\";border-bottom:0;flex-grow:1;border-top:var(--divider-border-width) var(--divider-border-style) var(--divider-color)}.elementor-widget-divider--element-align-left .elementor-divider .elementor-divider-separator>.elementor-divider__svg:first-of-type{flex-grow:0;flex-shrink:100}.elementor-widget-divider--element-align-left .elementor-divider-separator:before{content:none}.elementor-widget-divider--element-align-left .elementor-divider__element{margin-left:0}.elementor-widget-divider--element-align-right .elementor-divider .elementor-divider-separator>.elementor-divider__svg:last-of-type{flex-grow:0;flex-shrink:100}.elementor-widget-divider--element-align-right .elementor-divider-separator:after{content:none}.elementor-widget-divider--element-align-right .elementor-divider__element{margin-right:0}.elementor-widget-divider:not(.elementor-widget-divider--view-line_text):not(.elementor-widget-divider--view-line_icon) .elementor-divider-separator{border-top:var(--divider-border-width) var(--divider-border-style) var(--divider-color)}.elementor-widget-divider--separator-type-pattern{--divider-border-style:none}.elementor-widget-divider--separator-type-pattern.elementor-widget-divider--view-line .elementor-divider-separator,.elementor-widget-divider--separator-type-pattern:not(.elementor-widget-divider--view-line) .elementor-divider-separator:after,.elementor-widget-divider--separator-type-pattern:not(.elementor-widget-divider--view-line) .elementor-divider-separator:before,.elementor-widget-divider--separator-type-pattern:not([class*=elementor-widget-divider--view]) .elementor-divider-separator{width:100%;min-height:var(--divider-pattern-height);-webkit-mask-size:var(--divider-pattern-size) 100%;mask-size:var(--divider-pattern-size) 100%;-webkit-mask-repeat:var(--divider-pattern-repeat);mask-repeat:var(--divider-pattern-repeat);background-color:var(--divider-color);-webkit-mask-image:var(--divider-pattern-url);mask-image:var(--divider-pattern-url)}.elementor-widget-divider--no-spacing{--divider-pattern-size:auto}.elementor-widget-divider--bg-round{--divider-pattern-repeat:round}.rtl .elementor-widget-divider .elementor-divider__text{direction:rtl}.e-con-inner>.elementor-widget-divider,.e-con>.elementor-widget-divider{width:var(--container-widget-width,100%);--flex-grow:var(--container-widget-flex-grow)}<\/style>\t\t<div class=\"elementor-divider\">\n\t\t\t<span class=\"elementor-divider-separator\">\n\t\t\t\t\t\t<\/span>\n\t\t<\/div>\n\t\t\t\t<\/div>\n\t\t\t\t<\/div>\n\t\t\t\t\t<\/div>\n\t\t\t\t<\/div>\n\t\t<div class=\"elementor-element elementor-element-0ab3438 e-flex e-con-boxed e-con e-parent\" data-id=\"0ab3438\" data-element_type=\"container\" data-settings=\"{&quot;content_width&quot;:&quot;boxed&quot;}\" data-core-v316-plus=\"true\">\n\t\t\t\t\t<div class=\"e-con-inner\">\n\t\t<a class=\"elementor-element elementor-element-85614ef e-con-full e-flex e-con e-child\" data-id=\"85614ef\" data-element_type=\"container\" data-settings=\"{&quot;content_width&quot;:&quot;full&quot;}\" href=\"https:\/\/www.knierim-tooling.de\/en\/kunststoffverarbeitung\/\">\n\t\t\t\t<div class=\"elementor-element elementor-element-dcbb4dd elementor-widget elementor-widget-heading\" data-id=\"dcbb4dd\" data-element_type=\"widget\" data-widget_type=\"heading.default\">\n\t\t\t\t<div class=\"elementor-widget-container\">\n\t\t\t<h2 class=\"elementor-heading-title elementor-size-default\">Composite Technology<\/h2>\t\t<\/div>\n\t\t\t\t<\/div>\n\t\t\t\t<div class=\"elementor-element elementor-element-f33f735 elementor-widget elementor-widget-image\" data-id=\"f33f735\" data-element_type=\"widget\" data-widget_type=\"image.default\">\n\t\t\t\t<div class=\"elementor-widget-container\">\n\t\t\t<style>\/*! elementor - v3.18.0 - 20-12-2023 *\/\n.elementor-widget-image{text-align:center}.elementor-widget-image a{display:inline-block}.elementor-widget-image a img[src$=\".svg\"]{width:48px}.elementor-widget-image img{vertical-align:middle;display:inline-block}<\/style>\t\t\t\t\t\t\t\t\t\t\t\t<img fetchpriority=\"high\" width=\"800\" height=\"457\" src=\"https:\/\/www.knierim-tooling.de\/wp-content\/uploads\/2024\/01\/Bildschirmfoto-2024-01-24-um-09.54.15-1024x585.png\" class=\"attachment-large size-large wp-image-2853\" alt=\"\" srcset=\"https:\/\/www.knierim-tooling.de\/wp-content\/uploads\/2024\/01\/Bildschirmfoto-2024-01-24-um-09.54.15-1024x585.png 1024w, https:\/\/www.knierim-tooling.de\/wp-content\/uploads\/2024\/01\/Bildschirmfoto-2024-01-24-um-09.54.15-300x171.png 300w, https:\/\/www.knierim-tooling.de\/wp-content\/uploads\/2024\/01\/Bildschirmfoto-2024-01-24-um-09.54.15-768x439.png 768w, https:\/\/www.knierim-tooling.de\/wp-content\/uploads\/2024\/01\/Bildschirmfoto-2024-01-24-um-09.54.15-18x10.png 18w, https:\/\/www.knierim-tooling.de\/wp-content\/uploads\/2024\/01\/Bildschirmfoto-2024-01-24-um-09.54.15.png 1152w\" sizes=\"(max-width: 800px) 100vw, 800px\" \/>\t\t\t\t\t\t\t\t\t\t\t\t\t\t\t<\/div>\n\t\t\t\t<\/div>\n\t\t\t\t<\/a>\n\t\t<a class=\"elementor-element elementor-element-3d8e31a e-con-full e-flex e-con e-child\" data-id=\"3d8e31a\" data-element_type=\"container\" data-settings=\"{&quot;content_width&quot;:&quot;full&quot;}\" href=\"https:\/\/www.knierim-tooling.de\/en\/5-achs-fraesen\/\">\n\t\t\t\t<div class=\"elementor-element elementor-element-e0e0809 elementor-widget elementor-widget-heading\" data-id=\"e0e0809\" data-element_type=\"widget\" data-widget_type=\"heading.default\">\n\t\t\t\t<div class=\"elementor-widget-container\">\n\t\t\t<h2 class=\"elementor-heading-title elementor-size-default\">Milling machines<br><\/h2>\t\t<\/div>\n\t\t\t\t<\/div>\n\t\t\t\t<div class=\"elementor-element elementor-element-417559f elementor-widget elementor-widget-image\" data-id=\"417559f\" data-element_type=\"widget\" data-widget_type=\"image.default\">\n\t\t\t\t<div class=\"elementor-widget-container\">\n\t\t\t\t\t\t\t\t\t\t\t\t\t\t\t<img width=\"800\" height=\"450\" src=\"https:\/\/www.knierim-tooling.de\/wp-content\/uploads\/2024\/02\/Knierim-Tooling-Fraese-1024x576.jpg\" class=\"attachment-large size-large wp-image-3075\" alt=\"\" srcset=\"https:\/\/www.knierim-tooling.de\/wp-content\/uploads\/2024\/02\/Knierim-Tooling-Fraese-1024x576.jpg 1024w, https:\/\/www.knierim-tooling.de\/wp-content\/uploads\/2024\/02\/Knierim-Tooling-Fraese-300x169.jpg 300w, https:\/\/www.knierim-tooling.de\/wp-content\/uploads\/2024\/02\/Knierim-Tooling-Fraese-768x432.jpg 768w, https:\/\/www.knierim-tooling.de\/wp-content\/uploads\/2024\/02\/Knierim-Tooling-Fraese-1536x864.jpg 1536w, https:\/\/www.knierim-tooling.de\/wp-content\/uploads\/2024\/02\/Knierim-Tooling-Fraese-18x10.jpg 18w, https:\/\/www.knierim-tooling.de\/wp-content\/uploads\/2024\/02\/Knierim-Tooling-Fraese.jpg 2048w\" sizes=\"(max-width: 800px) 100vw, 800px\" \/>\t\t\t\t\t\t\t\t\t\t\t\t\t\t\t<\/div>\n\t\t\t\t<\/div>\n\t\t\t\t<\/a>\n\t\t<a class=\"elementor-element elementor-element-8aeca4a e-con-full e-flex e-con e-child\" data-id=\"8aeca4a\" data-element_type=\"container\" data-settings=\"{&quot;content_width&quot;:&quot;full&quot;}\" href=\"https:\/\/www.knierim-tooling.de\/en\/bauweise\/\">\n\t\t\t\t<div class=\"elementor-element elementor-element-233aba5 elementor-widget elementor-widget-heading\" data-id=\"233aba5\" data-element_type=\"widget\" data-widget_type=\"heading.default\">\n\t\t\t\t<div class=\"elementor-widget-container\">\n\t\t\t<h2 class=\"elementor-heading-title elementor-size-default\">Methods of construction<br><\/h2>\t\t<\/div>\n\t\t\t\t<\/div>\n\t\t\t\t<div class=\"elementor-element elementor-element-9b33f5c elementor-widget elementor-widget-image\" data-id=\"9b33f5c\" data-element_type=\"widget\" data-widget_type=\"image.default\">\n\t\t\t\t<div class=\"elementor-widget-container\">\n\t\t\t\t\t\t\t\t\t\t\t\t\t\t\t<img width=\"800\" height=\"450\" src=\"https:\/\/www.knierim-tooling.de\/wp-content\/uploads\/2024\/02\/Knierim-Tooling-Bauweise-1024x576.jpg\" class=\"attachment-large size-large wp-image-3073\" alt=\"\" srcset=\"https:\/\/www.knierim-tooling.de\/wp-content\/uploads\/2024\/02\/Knierim-Tooling-Bauweise-1024x576.jpg 1024w, https:\/\/www.knierim-tooling.de\/wp-content\/uploads\/2024\/02\/Knierim-Tooling-Bauweise-300x169.jpg 300w, https:\/\/www.knierim-tooling.de\/wp-content\/uploads\/2024\/02\/Knierim-Tooling-Bauweise-768x432.jpg 768w, https:\/\/www.knierim-tooling.de\/wp-content\/uploads\/2024\/02\/Knierim-Tooling-Bauweise-1536x864.jpg 1536w, https:\/\/www.knierim-tooling.de\/wp-content\/uploads\/2024\/02\/Knierim-Tooling-Bauweise-18x10.jpg 18w, https:\/\/www.knierim-tooling.de\/wp-content\/uploads\/2024\/02\/Knierim-Tooling-Bauweise.jpg 2048w\" sizes=\"(max-width: 800px) 100vw, 800px\" \/>\t\t\t\t\t\t\t\t\t\t\t\t\t\t\t<\/div>\n\t\t\t\t<\/div>\n\t\t\t\t<\/a>\n\t\t\t\t\t<\/div>\n\t\t\t\t<\/div>\n\t\t<div class=\"elementor-element elementor-element-1a4220e e-flex e-con-boxed e-con e-parent\" data-id=\"1a4220e\" data-element_type=\"container\" data-settings=\"{&quot;content_width&quot;:&quot;boxed&quot;}\" data-core-v316-plus=\"true\">\n\t\t\t\t\t<div class=\"e-con-inner\">\n\t\t\t\t<div class=\"elementor-element elementor-element-f24bf2e elementor-widget-divider--view-line elementor-widget elementor-widget-divider\" data-id=\"f24bf2e\" data-element_type=\"widget\" data-widget_type=\"divider.default\">\n\t\t\t\t<div class=\"elementor-widget-container\">\n\t\t\t\t\t<div class=\"elementor-divider\">\n\t\t\t<span class=\"elementor-divider-separator\">\n\t\t\t\t\t\t<\/span>\n\t\t<\/div>\n\t\t\t\t<\/div>\n\t\t\t\t<\/div>\n\t\t\t\t\t<\/div>\n\t\t\t\t<\/div>\n\t\t<section class=\"elementor-element elementor-element-71ad8b3 e-flex e-con-boxed e-con e-parent\" data-id=\"71ad8b3\" data-element_type=\"container\" data-settings=\"{&quot;background_background&quot;:&quot;classic&quot;,&quot;content_width&quot;:&quot;boxed&quot;}\" data-core-v316-plus=\"true\">\n\t\t\t\t\t<div class=\"e-con-inner\">\n\t\t<div class=\"elementor-element elementor-element-b20a480 e-con-full e-flex e-con e-child\" data-id=\"b20a480\" data-element_type=\"container\" data-settings=\"{&quot;content_width&quot;:&quot;full&quot;}\">\n\t\t\t\t<div class=\"elementor-element elementor-element-9aea963 elementor-widget elementor-widget-text-editor\" data-id=\"9aea963\" data-element_type=\"widget\" data-widget_type=\"text-editor.default\">\n\t\t\t\t<div class=\"elementor-widget-container\">\n\t\t\t<style>\/*! elementor - v3.18.0 - 20-12-2023 *\/\n.elementor-widget-text-editor.elementor-drop-cap-view-stacked .elementor-drop-cap{background-color:#69727d;color:#fff}.elementor-widget-text-editor.elementor-drop-cap-view-framed .elementor-drop-cap{color:#69727d;border:3px solid;background-color:transparent}.elementor-widget-text-editor:not(.elementor-drop-cap-view-default) .elementor-drop-cap{margin-top:8px}.elementor-widget-text-editor:not(.elementor-drop-cap-view-default) .elementor-drop-cap-letter{width:1em;height:1em}.elementor-widget-text-editor .elementor-drop-cap{float:left;text-align:center;line-height:1;font-size:50px}.elementor-widget-text-editor .elementor-drop-cap-letter{display:inline-block}<\/style>\t\t\t\t<p>A precise mold is made from polystyrene, MDF or block material. If necessary, a laminate of plastic fibers and epoxy resin is applied before the mold is coated with epoxy paste. After hardening, this paste is milled to the nearest tenth of a millimeter according to the specified geometry, giving the product its final shape. Durable master models are given a steel base and a carrier layer made of an epoxy sandwich laminate, to which the paste is then applied.<\/p>\t\t\t\t\t\t<\/div>\n\t\t\t\t<\/div>\n\t\t\t\t<\/div>\n\t\t\t\t\t<\/div>\n\t\t\t\t<\/section>\n\t\t\t\t\t\t\t<\/div>","protected":false},"excerpt":{"rendered":"<p>Unser Schl\u00fcssel zur Pr\u00e4zision Knierim Toolings Technologie Kunststoff- verarbeitung\u200b 5-Achs-Fr\u00e4sen Bauweise Eine pr\u00e4zise Form wird aus Styropor, MDF oder Blockmaterial hergestellt. Falls notwendig wird ein Laminat aus Kunststofffasern und Epoxidharz aufgebracht bevor die Form mit Epoxidpaste beschichtet wird. Diese Paste wird nach dem Aush\u00e4rten zehntelmillimetergenau entsprechend der vorgegebenen Geometrie gefr\u00e4st und so erh\u00e4lt das Produkt [&hellip;]<\/p>","protected":false},"author":1,"featured_media":0,"parent":0,"menu_order":0,"comment_status":"closed","ping_status":"closed","template":"","meta":[],"_links":{"self":[{"href":"https:\/\/www.knierim-tooling.de\/en\/wp-json\/wp\/v2\/pages\/65"}],"collection":[{"href":"https:\/\/www.knierim-tooling.de\/en\/wp-json\/wp\/v2\/pages"}],"about":[{"href":"https:\/\/www.knierim-tooling.de\/en\/wp-json\/wp\/v2\/types\/page"}],"author":[{"embeddable":true,"href":"https:\/\/www.knierim-tooling.de\/en\/wp-json\/wp\/v2\/users\/1"}],"replies":[{"embeddable":true,"href":"https:\/\/www.knierim-tooling.de\/en\/wp-json\/wp\/v2\/comments?post=65"}],"version-history":[{"count":212,"href":"https:\/\/www.knierim-tooling.de\/en\/wp-json\/wp\/v2\/pages\/65\/revisions"}],"predecessor-version":[{"id":3798,"href":"https:\/\/www.knierim-tooling.de\/en\/wp-json\/wp\/v2\/pages\/65\/revisions\/3798"}],"wp:attachment":[{"href":"https:\/\/www.knierim-tooling.de\/en\/wp-json\/wp\/v2\/media?parent=65"}],"curies":[{"name":"wp","href":"https:\/\/api.w.org\/{rel}","templated":true}]}}