{"id":938,"date":"2023-12-28T11:20:56","date_gmt":"2023-12-28T11:20:56","guid":{"rendered":"https:\/\/www.knierim-tooling.de\/?page_id=938"},"modified":"2024-01-11T12:52:54","modified_gmt":"2024-01-11T12:52:54","slug":"datenschutz","status":"publish","type":"page","link":"https:\/\/www.knierim-tooling.de\/en\/datenschutz\/","title":{"rendered":"Privacy policy"},"content":{"rendered":"<div data-elementor-type=\"wp-page\" data-elementor-id=\"938\" class=\"elementor elementor-938\">\n\t\t\t\t\t\t\t<div class=\"elementor-element elementor-element-abf367d e-flex e-con-boxed e-con e-parent\" data-id=\"abf367d\" data-element_type=\"container\" data-settings=\"{&quot;content_width&quot;:&quot;boxed&quot;}\" data-core-v316-plus=\"true\">\n\t\t\t\t\t<div class=\"e-con-inner\">\n\t\t\t\t<div class=\"elementor-element elementor-element-7c98ed8 elementor-widget elementor-widget-heading\" data-id=\"7c98ed8\" data-element_type=\"widget\" data-widget_type=\"heading.default\">\n\t\t\t\t<div class=\"elementor-widget-container\">\n\t\t\t<style>\/*! elementor - v3.18.0 - 20-12-2023 *\/\n.elementor-heading-title{padding:0;margin:0;line-height:1}.elementor-widget-heading .elementor-heading-title[class*=elementor-size-]>a{color:inherit;font-size:inherit;line-height:inherit}.elementor-widget-heading .elementor-heading-title.elementor-size-small{font-size:15px}.elementor-widget-heading .elementor-heading-title.elementor-size-medium{font-size:19px}.elementor-widget-heading .elementor-heading-title.elementor-size-large{font-size:29px}.elementor-widget-heading .elementor-heading-title.elementor-size-xl{font-size:39px}.elementor-widget-heading .elementor-heading-title.elementor-size-xxl{font-size:59px}<\/style><h2 class=\"elementor-heading-title elementor-size-default\">Privacy policy<\/h2>\t\t<\/div>\n\t\t\t\t<\/div>\n\t\t\t\t\t<\/div>\n\t\t\t\t<\/div>\n\t\t<div class=\"elementor-element elementor-element-7aa35df e-flex e-con-boxed e-con e-parent\" data-id=\"7aa35df\" data-element_type=\"container\" data-settings=\"{&quot;content_width&quot;:&quot;boxed&quot;}\" data-core-v316-plus=\"true\">\n\t\t\t\t\t<div class=\"e-con-inner\">\n\t\t\t\t<div class=\"elementor-element elementor-element-7d00add elementor-widget-divider--view-line elementor-widget elementor-widget-divider\" data-id=\"7d00add\" data-element_type=\"widget\" data-widget_type=\"divider.default\">\n\t\t\t\t<div class=\"elementor-widget-container\">\n\t\t\t<style>\/*! elementor - v3.18.0 - 20-12-2023 *\/\n.elementor-widget-divider{--divider-border-style:none;--divider-border-width:1px;--divider-color:#0c0d0e;--divider-icon-size:20px;--divider-element-spacing:10px;--divider-pattern-height:24px;--divider-pattern-size:20px;--divider-pattern-url:none;--divider-pattern-repeat:repeat-x}.elementor-widget-divider .elementor-divider{display:flex}.elementor-widget-divider .elementor-divider__text{font-size:15px;line-height:1;max-width:95%}.elementor-widget-divider .elementor-divider__element{margin:0 var(--divider-element-spacing);flex-shrink:0}.elementor-widget-divider .elementor-icon{font-size:var(--divider-icon-size)}.elementor-widget-divider .elementor-divider-separator{display:flex;margin:0;direction:ltr}.elementor-widget-divider--view-line_icon .elementor-divider-separator,.elementor-widget-divider--view-line_text .elementor-divider-separator{align-items:center}.elementor-widget-divider--view-line_icon .elementor-divider-separator:after,.elementor-widget-divider--view-line_icon .elementor-divider-separator:before,.elementor-widget-divider--view-line_text .elementor-divider-separator:after,.elementor-widget-divider--view-line_text .elementor-divider-separator:before{display:block;content:\"\";border-bottom:0;flex-grow:1;border-top:var(--divider-border-width) var(--divider-border-style) var(--divider-color)}.elementor-widget-divider--element-align-left .elementor-divider .elementor-divider-separator>.elementor-divider__svg:first-of-type{flex-grow:0;flex-shrink:100}.elementor-widget-divider--element-align-left .elementor-divider-separator:before{content:none}.elementor-widget-divider--element-align-left .elementor-divider__element{margin-left:0}.elementor-widget-divider--element-align-right .elementor-divider .elementor-divider-separator>.elementor-divider__svg:last-of-type{flex-grow:0;flex-shrink:100}.elementor-widget-divider--element-align-right .elementor-divider-separator:after{content:none}.elementor-widget-divider--element-align-right .elementor-divider__element{margin-right:0}.elementor-widget-divider:not(.elementor-widget-divider--view-line_text):not(.elementor-widget-divider--view-line_icon) .elementor-divider-separator{border-top:var(--divider-border-width) var(--divider-border-style) var(--divider-color)}.elementor-widget-divider--separator-type-pattern{--divider-border-style:none}.elementor-widget-divider--separator-type-pattern.elementor-widget-divider--view-line .elementor-divider-separator,.elementor-widget-divider--separator-type-pattern:not(.elementor-widget-divider--view-line) .elementor-divider-separator:after,.elementor-widget-divider--separator-type-pattern:not(.elementor-widget-divider--view-line) .elementor-divider-separator:before,.elementor-widget-divider--separator-type-pattern:not([class*=elementor-widget-divider--view]) .elementor-divider-separator{width:100%;min-height:var(--divider-pattern-height);-webkit-mask-size:var(--divider-pattern-size) 100%;mask-size:var(--divider-pattern-size) 100%;-webkit-mask-repeat:var(--divider-pattern-repeat);mask-repeat:var(--divider-pattern-repeat);background-color:var(--divider-color);-webkit-mask-image:var(--divider-pattern-url);mask-image:var(--divider-pattern-url)}.elementor-widget-divider--no-spacing{--divider-pattern-size:auto}.elementor-widget-divider--bg-round{--divider-pattern-repeat:round}.rtl .elementor-widget-divider .elementor-divider__text{direction:rtl}.e-con-inner>.elementor-widget-divider,.e-con>.elementor-widget-divider{width:var(--container-widget-width,100%);--flex-grow:var(--container-widget-flex-grow)}<\/style>\t\t<div class=\"elementor-divider\">\n\t\t\t<span class=\"elementor-divider-separator\">\n\t\t\t\t\t\t<\/span>\n\t\t<\/div>\n\t\t\t\t<\/div>\n\t\t\t\t<\/div>\n\t\t\t\t\t<\/div>\n\t\t\t\t<\/div>\n\t\t<div class=\"elementor-element elementor-element-70475a2 e-flex e-con-boxed e-con e-parent\" data-id=\"70475a2\" data-element_type=\"container\" data-settings=\"{&quot;content_width&quot;:&quot;boxed&quot;}\" data-core-v316-plus=\"true\">\n\t\t\t\t\t<div class=\"e-con-inner\">\n\t\t\t\t<div class=\"elementor-element elementor-element-eb56550 elementor-widget elementor-widget-text-editor\" data-id=\"eb56550\" data-element_type=\"widget\" data-widget_type=\"text-editor.default\">\n\t\t\t\t<div class=\"elementor-widget-container\">\n\t\t\t<style>\/*! elementor - v3.18.0 - 20-12-2023 *\/\n.elementor-widget-text-editor.elementor-drop-cap-view-stacked .elementor-drop-cap{background-color:#69727d;color:#fff}.elementor-widget-text-editor.elementor-drop-cap-view-framed .elementor-drop-cap{color:#69727d;border:3px solid;background-color:transparent}.elementor-widget-text-editor:not(.elementor-drop-cap-view-default) .elementor-drop-cap{margin-top:8px}.elementor-widget-text-editor:not(.elementor-drop-cap-view-default) .elementor-drop-cap-letter{width:1em;height:1em}.elementor-widget-text-editor .elementor-drop-cap{float:left;text-align:center;line-height:1;font-size:50px}.elementor-widget-text-editor .elementor-drop-cap-letter{display:inline-block}<\/style>\t\t\t\t<p>Thank you for your interest in our online presence and in our company. The protection of your personal data during the processing of your visit to our website is important to us. Your data is protected in accordance with the statutory provisions of the General Data Protection Regulation (GDPR), the German Telemedia Act (TMG) and other data protection regulations. Below you will find information on what data is collected during your visit to the website and how it is used.<\/p>\n<p>Please bear in mind that data transmission over the Internet (e.g. when communicating by e-mail) can generally be subject to security vulnerabilities. Complete protection against access by third parties cannot be realised.<\/p>\n<p><strong>Person responsible<\/strong><\/p>\n<p>The controller within the meaning of the data protection laws is Knierim Yachtbau GmbH, Uferstra\u00dfe 100, 24106 Kiel. Managing directors: Steffen M\u00fcller and Gunnar Knierim.<\/p>\n<p>If you have any questions about data protection or would like to exercise rights or claims regarding your personal data, please contact Sabrina Neumann by e-mail at&nbsp;<a href=\"mailto:s.neumann@knierim-yachtbau.de\">s.neumann@knierim-yachtbau.de<\/a>. &nbsp;<\/p>\n<p>Es besteht keine Pflicht zur Benennung eines Datenschutzbeauftragten.<\/p>\n<h4>Verarbeitung von Daten<\/h4>\n<p>Gegenstand des Datenschutzes sind personenbezogene Daten. Diese sind nach Art. 4 Absatz 1 DSGVO alle Informationen, die sich identifizierte oder identifizierbare nat\u00fcrliche Person beziehen. Hierunter fallen z. B. Angaben wie Name, Post-Adresse, E-Mail-Adresse oder Telefonnummer, ggf. aber auch Nutzungsdaten wie Ihre IP-Adresse.<br>Jeder Zugriff auf unsere Homepage und jeder Abruf einer auf der Homepage hinterlegten Datei wird in Server-Logfiles protokolliert. Die Speicherung dient internen systembezogenen und statistischen Zwecken. Protokolliert werden:<\/p>\n<ul>\n<li>Name der abgerufenen Datei,<\/li>\n<li>Datum und Uhrzeit des Abrufs,<\/li>\n<li>\u00fcbertragene Datenmenge,<\/li>\n<li>Meldung \u00fcber erfolgreichen Abruf,<\/li>\n<li>Webbrowser,<\/li>\n<li>anfragende Domain,<\/li>\n<li>verwendetes Betriebssystem,<\/li>\n<li>verwendete IP-Adresse.<\/li>\n<\/ul>\n<p>Weitergehende personenbezogene Daten werden nur verarbeitet, wenn Sie diese Angaben freiwillig, etwa im Rahmen einer Anfrage machen. Ohne Ihre Einwilligung werden Ihre Daten nicht an Dritte weitergegeben.<\/p>\n<h4>Auskunftsrecht, Berichtigung und L\u00f6schung<\/h4>\n<p>Sie erhalten auf Antrag kostenfrei Auskunft \u00fcber Ihre bei uns gespeicherten personenbezogenen Daten, deren Herkunft und Empf\u00e4nger und dem Zweck der Datenverarbeitung sowie ein Recht auf Berichtigung, Einschr\u00e4nkung der Verarbeitung oder L\u00f6schung dieser Daten. Einer Datenl\u00f6schung k\u00f6nnen gesetzliche Aufbewahrungsfristen entgegenstehen.<\/p>\n<h4>Einwilligung und Widerrufsrecht<\/h4>\n<p>Wenn Sie eine Einwilligung zur Nutzung von Daten erteilt haben, k\u00f6nnen Sie diese jederzeit widerrufen. Hierf\u00fcr reicht eine einfache Nachricht an uns.<\/p>\n<h4>Widerspruchsrecht<\/h4>\n<p>Sie haben jederzeit das Recht, einer an sich zul\u00e4ssigen Verarbeitung Ihrer Daten aufgrund einer besonderen pers\u00f6nlichen Situation zu widersprechen. F\u00fcr einen Widerspruch gen\u00fcgt eine einfache Nachricht an uns, in der Sie Ihren Widerspruch begr\u00fcnden.<\/p>\n<h4>Beschwerderecht<\/h4>\n<p>Sie haben das Recht auf Beschwerde bei einer Aufsichtsbeh\u00f6rde, wenn Sie der Ansicht sind, dass die Verarbeitung Ihrer personenbezogenen Daten gegen die DSGVO verst\u00f6\u00dft.<\/p>\n<h4>Cookies<\/h4>\n<p>Diese Website verwendet keine zustimmungspflichtigen Cookies. Cookies sind kleine Textdateien, welche auf Ihrem Endger\u00e4t gespeichert werden. Ihr Browser greift auf diese Dateien zu. Durch den Einsatz von Cookies erh\u00f6ht sich die Benutzerfreundlichkeit und Sicherheit dieser Website. G\u00e4ngige Browser bieten die Einstellungsoption, Cookies nicht zuzulassen. Hinweis: Es ist nicht gew\u00e4hrleistet, dass Sie auf alle Funktionen dieser Website ohne Einschr\u00e4nkungen zugreifen k\u00f6nnen, wenn Sie entsprechende Einstellungen vornehmen.<\/p><p>Zur Verwaltung der eingesetzten Cookies und &auml;hnlichen Technologien (Tracking-Pixel, Web-Beacons etc.) und diesbez&uuml;glicher Einwilligungen setzen wir das Consent Tool &bdquo;Real Cookie Banner&ldquo; ein. Details zur Funktionsweise von &bdquo;Real Cookie Banner&ldquo; findest du unter &lt;a href=&quot;\/en\/&ldquo;https:\/\/devowl.io\/de\/rcb\/datenverarbeitung\/&ldquo;\/&quot; rel=&quot;&ldquo;noreferrer&ldquo;&quot; target=&quot;&ldquo;_blank&ldquo;&quot;&gt;https:\/\/devowl.io\/de\/rcb\/datenverarbeitung\/&lt;\/a&gt;.<\/p><p><span style=\"color: var( --e-global-color-text ); font-family: var( --e-global-typography-text-font-family ), Sans-serif; font-weight: var( --e-global-typography-text-font-weight ); text-align: var(--text-align); font-size: 1rem;\">Rechtsgrundlagen f\u00fcr die Verarbeitung von personenbezogenen Daten in diesem Zusammenhang sind Art. 6 Abs. 1 lit. c DS-GVO und Art. 6 Abs. 1 lit. f DS-GVO. Unser berechtigtes Interesse ist die Verwaltung der eingesetzten Cookies und \u00e4hnlichen Technologien und der diesbez\u00fcglichen Einwilligungen.<\/span><br><\/p><p><span style=\"color: var( --e-global-color-text ); font-family: var( --e-global-typography-text-font-family ), Sans-serif; font-weight: var( --e-global-typography-text-font-weight ); text-align: var(--text-align); font-size: 1rem;\">Die Bereitstellung der personenbezogenen Daten ist weder vertraglich vorgeschrieben noch f\u00fcr den Abschluss eines Vertrages notwendig. Du bist nicht verpflichtet die personenbezogenen Daten bereitzustellen. Wenn du die personenbezogenen Daten nicht bereitstellst, k\u00f6nnen wir deine Einwilligungen nicht verwalten.<\/span><br><\/p>\n<p><strong>Einsatz von Facebook<\/strong><br>s. separate Erl\u00e4uterung<\/p>\t\t\t\t\t\t<\/div>\n\t\t\t\t<\/div>\n\t\t\t\t\t<\/div>\n\t\t\t\t<\/div>\n\t\t\t\t\t\t\t<\/div>","protected":false},"excerpt":{"rendered":"<p>Datenschutz Wir freuen uns \u00fcber Ihr Interesse an unserem Onlineauftritt und an unserem Unternehmen. Der Schutz Ihrer personenbezogenen Daten bei der Verarbeitung anl\u00e4sslich Ihres Besuchs auf unserer Homepage ist uns ein wichtiges Anliegen. Ihre Daten werden im Rahmen der gesetzlichen Vorschriften der Datenschutzgrundverordnung (DSGVO), des Telemediengesetzes (TMG) und anderer datenschutzrechtlicher Bestimmungen gesch\u00fctzt. Nachfolgend finden Sie [&hellip;]<\/p>","protected":false},"author":1,"featured_media":0,"parent":0,"menu_order":0,"comment_status":"closed","ping_status":"closed","template":"","meta":[],"_links":{"self":[{"href":"https:\/\/www.knierim-tooling.de\/en\/wp-json\/wp\/v2\/pages\/938"}],"collection":[{"href":"https:\/\/www.knierim-tooling.de\/en\/wp-json\/wp\/v2\/pages"}],"about":[{"href":"https:\/\/www.knierim-tooling.de\/en\/wp-json\/wp\/v2\/types\/page"}],"author":[{"embeddable":true,"href":"https:\/\/www.knierim-tooling.de\/en\/wp-json\/wp\/v2\/users\/1"}],"replies":[{"embeddable":true,"href":"https:\/\/www.knierim-tooling.de\/en\/wp-json\/wp\/v2\/comments?post=938"}],"version-history":[{"count":7,"href":"https:\/\/www.knierim-tooling.de\/en\/wp-json\/wp\/v2\/pages\/938\/revisions"}],"predecessor-version":[{"id":2769,"href":"https:\/\/www.knierim-tooling.de\/en\/wp-json\/wp\/v2\/pages\/938\/revisions\/2769"}],"wp:attachment":[{"href":"https:\/\/www.knierim-tooling.de\/en\/wp-json\/wp\/v2\/media?parent=938"}],"curies":[{"name":"wp","href":"https:\/\/api.w.org\/{rel}","templated":true}]}}